{"id":1005,"date":"2026-04-27T18:08:43","date_gmt":"2026-04-27T21:08:43","guid":{"rendered":"https:\/\/esbasantiago-cba.infd.edu.ar\/sitio\/?page_id=1005"},"modified":"2026-04-27T22:48:22","modified_gmt":"2026-04-28T01:48:22","slug":"mayores-de-25-anos","status":"publish","type":"page","link":"https:\/\/esbasantiago-cba.infd.edu.ar\/sitio\/mayores-de-25-anos\/","title":{"rendered":"Mayores de 25 a\u00f1os"},"content":{"rendered":"\n<p>La Ley de Educaci\u00f3n Superior 24521\/95 prev\u00e9 en su Art. 7\u00ba que las personas mayores de 25 a\u00f1os, que no tengan completos sus estudios de Nivel Secundario, o bien acrediten sus estudios primarios cursados, podr\u00e1n ingresar, excepcionalmente, a las instituciones de Nivel Superior, siempre que demuestren a trav\u00e9s de las evaluaciones que en su caso se establezcan, que tienen preparaci\u00f3n y\/o experiencia laboral acorde con los estudios que se proponen iniciar, as\u00ed como aptitudes y conocimientos suficientes para cursarlos satisfactoriamente.<\/p>\n\n\n\n<p>EQUISITOS PARA LOGRAR LA ADMISI\u00d3N (Res. Min. 25\/2002)<br>Tener 25 (veinticinco) a\u00f1os de edad cumplidos al momento de la inscripci\u00f3n.<br>Poseer estudios secundarios incompletos o primarios cursados.<br>Tener preparaci\u00f3n y\/o experiencia laboral acorde con la carrera elegida y poseer las aptitudes y conocimientos suficientes.<br>La Res. 128\/2002 establece que en el mes de DICIEMBRE ANTERIOR A CADA CICLO LECTIVO, se d\u00e9 inicio al PROCESO DE ADMISI\u00d3N. Dicho proceso abarca dos etapas:<\/p>\n\n\n\n<p>ETAPA DE PRE-INSCRIPCI\u00d3N y EVALUACI\u00d3N DE ANTECEDENTES:<br>ASESORAMIENTO ACAD\u00c9MICO para las evaluaciones de competencias b\u00e1sicas. La Res 298\/25 inciso a expresa &#8211; Los mayores de 25 anos \u2026., podr\u00e1n ingresar sin titulo<br>secundario, seg\u00fan lo establece la Ley de Educaci\u00f3n Superior N\u00b0 24521\/1995, siempre que<br>demuestren, a trav\u00e9s de instancias de evaluaci\u00f3n de reconocimiento de saberes, que tienen<br>preparaci\u00f3n o experiencia laboral acorde con los estudios que se proponen iniciar.<\/p>\n","protected":false},"excerpt":{"rendered":"<p>La Ley de Educaci\u00f3n Superior 24521\/95 prev\u00e9 en su Art. 7\u00ba que las personas mayores de 25 a\u00f1os, que no tengan completos sus estudios de Nivel Secundario, o bien acrediten sus estudios primarios cursados, podr\u00e1n ingresar, excepcionalmente, a las instituciones de Nivel Superior, siempre que demuestren a trav\u00e9s de las evaluaciones que en su caso &#8230; <a title=\"Mayores de 25 a\u00f1os\" class=\"read-more\" href=\"https:\/\/esbasantiago-cba.infd.edu.ar\/sitio\/mayores-de-25-anos\/\" aria-label=\"More on Mayores de 25 a\u00f1os\">[+]<\/a><\/p>\n","protected":false},"author":10,"featured_media":0,"parent":0,"menu_order":0,"comment_status":"closed","ping_status":"closed","template":"","meta":[],"acf":[],"_links":{"self":[{"href":"https:\/\/esbasantiago-cba.infd.edu.ar\/sitio\/wp-json\/wp\/v2\/pages\/1005"}],"collection":[{"href":"https:\/\/esbasantiago-cba.infd.edu.ar\/sitio\/wp-json\/wp\/v2\/pages"}],"about":[{"href":"https:\/\/esbasantiago-cba.infd.edu.ar\/sitio\/wp-json\/wp\/v2\/types\/page"}],"author":[{"embeddable":true,"href":"https:\/\/esbasantiago-cba.infd.edu.ar\/sitio\/wp-json\/wp\/v2\/users\/10"}],"replies":[{"embeddable":true,"href":"https:\/\/esbasantiago-cba.infd.edu.ar\/sitio\/wp-json\/wp\/v2\/comments?post=1005"}],"version-history":[{"count":2,"href":"https:\/\/esbasantiago-cba.infd.edu.ar\/sitio\/wp-json\/wp\/v2\/pages\/1005\/revisions"}],"predecessor-version":[{"id":1009,"href":"https:\/\/esbasantiago-cba.infd.edu.ar\/sitio\/wp-json\/wp\/v2\/pages\/1005\/revisions\/1009"}],"wp:attachment":[{"href":"https:\/\/esbasantiago-cba.infd.edu.ar\/sitio\/wp-json\/wp\/v2\/media?parent=1005"}],"curies":[{"name":"wp","href":"https:\/\/api.w.org\/{rel}","templated":true}]}}