{"id":286,"date":"2026-04-15T16:39:36","date_gmt":"2026-04-15T19:39:36","guid":{"rendered":"https:\/\/esbasantiago-cba.infd.edu.ar\/sitio\/?page_id=286"},"modified":"2026-04-15T16:39:37","modified_gmt":"2026-04-15T19:39:37","slug":"inicio","status":"publish","type":"page","link":"https:\/\/esbasantiago-cba.infd.edu.ar\/sitio\/","title":{"rendered":"Inicio"},"content":{"rendered":"<h1 style=\"text-align: center;\"><img decoding=\"async\" loading=\"lazy\" class=\"alignnone size-medium wp-image-899\" src=\"https:\/\/esbasantiago-cba.infd.edu.ar\/sitio\/wp-content\/uploads\/2024\/06\/la-martin-santiago-portada-02-1000x182.jpg\" alt=\"\" width=\"1000\" height=\"182\" srcset=\"https:\/\/esbasantiago-cba.infd.edu.ar\/sitio\/wp-content\/uploads\/2024\/06\/la-martin-santiago-portada-02-1000x182.jpg 1000w, https:\/\/esbasantiago-cba.infd.edu.ar\/sitio\/wp-content\/uploads\/2024\/06\/la-martin-santiago-portada-02-768x140.jpg 768w, https:\/\/esbasantiago-cba.infd.edu.ar\/sitio\/wp-content\/uploads\/2024\/06\/la-martin-santiago-portada-02.jpg 1100w\" sizes=\"(max-width: 1000px) 100vw, 1000px\" \/><\/h1>\n<p style=\"text-align: left;\"><span style=\"color: #000000;\"><span style=\"font-size: 10pt; font-family: verdana, geneva;\">La Escuela Superior de Bellas Artes Mart\u00edn Santiago (<\/span><span style=\"font-size: 10pt; font-family: verdana, geneva;\">De\u00e1n Funes, C\u00f3rdoba, Argentina) dicta dos carreras de Nivel Superior no universitario: <strong>Profesorado de Artes Visuales y <\/strong><strong>Tecnicatura Superior en Artes Visuales, ambas carreras de ofrecen en modalidad combinada (presencial y virtual)<\/strong>. Tambi\u00e9n ofrece Talleres (Infanto-Juvenil, de Cer\u00e1mica, de Dibujo y Pintura para Adultos) y realiza numerosas actividades de extensi\u00f3n. <\/span><span style=\"font-size: 10pt; font-family: verdana, geneva;\">Tiene una p\u00e1gina de Facebook (La Mart\u00edn Santiago), una cuenta de Instagram (@esbamartinsantiago).\u00a0<\/span><\/span><span style=\"color: #000000;\"><span style=\"font-size: 10pt; font-family: verdana, geneva;\">Junto a varios institutos, integra la Red Virtual de Institutos Superiores de Formaci\u00f3n Docente de Argentina, coordinada por el INFoD (Instituto Nacional de Formaci\u00f3n Docente), dependiente del Ministerio de Educaci\u00f3n de la Provincia de C\u00f3rdoba.\u00a0<\/span><\/span><\/p>\n<p><img decoding=\"async\" loading=\"lazy\" class=\"wp-image-945 aligncenter\" src=\"https:\/\/esbasantiago-cba.infd.edu.ar\/sitio\/wp-content\/uploads\/2025\/05\/Imagen-de-WhatsApp-2025-05-27-a-las-17.24.17_920ce154-1000x661.jpg\" alt=\"Fachada de la escuela MS\" width=\"936\" height=\"619\" srcset=\"https:\/\/esbasantiago-cba.infd.edu.ar\/sitio\/wp-content\/uploads\/2025\/05\/Imagen-de-WhatsApp-2025-05-27-a-las-17.24.17_920ce154-1000x661.jpg 1000w, https:\/\/esbasantiago-cba.infd.edu.ar\/sitio\/wp-content\/uploads\/2025\/05\/Imagen-de-WhatsApp-2025-05-27-a-las-17.24.17_920ce154-768x507.jpg 768w, https:\/\/esbasantiago-cba.infd.edu.ar\/sitio\/wp-content\/uploads\/2025\/05\/Imagen-de-WhatsApp-2025-05-27-a-las-17.24.17_920ce154-1536x1015.jpg 1536w, https:\/\/esbasantiago-cba.infd.edu.ar\/sitio\/wp-content\/uploads\/2025\/05\/Imagen-de-WhatsApp-2025-05-27-a-las-17.24.17_920ce154.jpg 1600w\" sizes=\"(max-width: 936px) 100vw, 936px\" \/><\/p>\n<p>&nbsp;<\/p>\n<p style=\"text-align: center;\"><div id=\"metaslider-id-403\" style=\"width: 100%;\" class=\"ml-slider-3-33-0 metaslider metaslider-flex metaslider-403 ml-slider ms-theme-default\" role=\"region\" aria-roledescription=\"Slideshow\" aria-label=\"Slideshow\">\n    <div id=\"metaslider_container_403\">\n        <div id=\"metaslider_403\" class=\"flexslider\">\n            <ul aria-live=\"polite\" class=\"slides\">\n                <li style=\"display: block; width: 100%;\" class=\"slide-609 ms-image\" aria-roledescription=\"slide\" aria-label=\"slide-609\"><a href=\"https:\/\/www.argentina.gob.ar\/educacion\/becas\" target=\"_blank\"><img src=\"https:\/\/esbasantiago-cba.infd.edu.ar\/sitio\/wp-content\/uploads\/2024\/06\/05-becas.jpg\" height=\"200\" width=\"1100\" alt=\"\" class=\"slider-403 slide-609\" title=\"05 becas\" \/><\/a><\/li>\n                <li style=\"display: none; width: 100%;\" class=\"slide-635 ms-image\" aria-roledescription=\"slide\" aria-label=\"slide-635\"><a href=\"https:\/\/play.cine.ar\/inicio\" target=\"_blank\"><img src=\"https:\/\/esbasantiago-cba.infd.edu.ar\/sitio\/wp-content\/uploads\/2024\/06\/10-cine-ar-play.jpg\" height=\"200\" width=\"1100\" alt=\"\" class=\"slider-403 slide-635\" title=\"10 cine ar play\" \/><\/a><\/li>\n                <li style=\"display: none; width: 100%;\" class=\"slide-885 ms-image\" aria-roledescription=\"slide\" aria-label=\"slide-885\"><a href=\"https:\/\/red.infd.edu.ar\/\" target=\"_blank\"><img src=\"https:\/\/esbasantiago-cba.infd.edu.ar\/sitio\/wp-content\/uploads\/2024\/06\/11-infod.jpg\" height=\"200\" width=\"1100\" alt=\"\" class=\"slider-403 slide-885\" title=\"11 infod\" \/><\/a><\/li>\n                <li style=\"display: none; width: 100%;\" class=\"slide-886 ms-image\" aria-roledescription=\"slide\" aria-label=\"slide-886\"><a href=\"https:\/\/www.youtube.com\/@encuentro\/videos\" target=\"_blank\"><img src=\"https:\/\/esbasantiago-cba.infd.edu.ar\/sitio\/wp-content\/uploads\/2024\/06\/09-canal-encuentro.jpg\" height=\"200\" width=\"1100\" alt=\"\" class=\"slider-403 slide-886\" title=\"09 canal encuentro\" \/><\/a><\/li>\n                <li style=\"display: none; width: 100%;\" class=\"slide-887 ms-image\" aria-roledescription=\"slide\" aria-label=\"slide-887\"><a href=\"https:\/\/www.argentina.gob.ar\/educacion\/materiales-didacticos\" target=\"_blank\"><img src=\"https:\/\/esbasantiago-cba.infd.edu.ar\/sitio\/wp-content\/uploads\/2024\/06\/08-materiales-didacticos.jpg\" height=\"200\" width=\"1100\" alt=\"\" class=\"slider-403 slide-887\" title=\"08 materiales did\u00e1cticos\" \/><\/a><\/li>\n                <li style=\"display: none; width: 100%;\" class=\"slide-888 ms-image\" aria-roledescription=\"slide\" aria-label=\"slide-888\"><a href=\"https:\/\/www.argentina.gob.ar\/educacion\/cursos-capacitaciones\" target=\"_blank\"><img src=\"https:\/\/esbasantiago-cba.infd.edu.ar\/sitio\/wp-content\/uploads\/2024\/06\/07-cursos-y-capacitaciones.jpg\" height=\"200\" width=\"1100\" alt=\"\" class=\"slider-403 slide-888\" title=\"07 cursos y capacitaciones\" \/><\/a><\/li>\n                <li style=\"display: none; width: 100%;\" class=\"slide-889 ms-image\" aria-roledescription=\"slide\" aria-label=\"slide-889\"><img src=\"https:\/\/esbasantiago-cba.infd.edu.ar\/sitio\/wp-content\/uploads\/2024\/06\/06-red-de-IFDs.jpg\" height=\"200\" width=\"1100\" alt=\"\" class=\"slider-403 slide-889\" title=\"06 red de IFDs\" \/><\/li>\n            <\/ul>\n        <\/div>\n        \n    <\/div>\n<\/div><\/p>\n","protected":false},"excerpt":{"rendered":"<p>La Escuela Superior de Bellas Artes Mart\u00edn Santiago (De\u00e1n Funes, C\u00f3rdoba, Argentina) dicta dos carreras de Nivel Superior no universitario: Profesorado de Artes Visuales y Tecnicatura Superior en Artes Visuales, ambas carreras de ofrecen en modalidad combinada (presencial y virtual). Tambi\u00e9n ofrece Talleres (Infanto-Juvenil, de Cer\u00e1mica, de Dibujo y Pintura para Adultos) y realiza numerosas &#8230; <a title=\"Inicio\" class=\"read-more\" href=\"https:\/\/esbasantiago-cba.infd.edu.ar\/sitio\/\" aria-label=\"More on Inicio\">[+]<\/a><\/p>\n","protected":false},"author":1,"featured_media":0,"parent":0,"menu_order":0,"comment_status":"closed","ping_status":"closed","template":"","meta":[],"acf":[],"_links":{"self":[{"href":"https:\/\/esbasantiago-cba.infd.edu.ar\/sitio\/wp-json\/wp\/v2\/pages\/286"}],"collection":[{"href":"https:\/\/esbasantiago-cba.infd.edu.ar\/sitio\/wp-json\/wp\/v2\/pages"}],"about":[{"href":"https:\/\/esbasantiago-cba.infd.edu.ar\/sitio\/wp-json\/wp\/v2\/types\/page"}],"author":[{"embeddable":true,"href":"https:\/\/esbasantiago-cba.infd.edu.ar\/sitio\/wp-json\/wp\/v2\/users\/1"}],"replies":[{"embeddable":true,"href":"https:\/\/esbasantiago-cba.infd.edu.ar\/sitio\/wp-json\/wp\/v2\/comments?post=286"}],"version-history":[{"count":101,"href":"https:\/\/esbasantiago-cba.infd.edu.ar\/sitio\/wp-json\/wp\/v2\/pages\/286\/revisions"}],"predecessor-version":[{"id":982,"href":"https:\/\/esbasantiago-cba.infd.edu.ar\/sitio\/wp-json\/wp\/v2\/pages\/286\/revisions\/982"}],"wp:attachment":[{"href":"https:\/\/esbasantiago-cba.infd.edu.ar\/sitio\/wp-json\/wp\/v2\/media?parent=286"}],"curies":[{"name":"wp","href":"https:\/\/api.w.org\/{rel}","templated":true}]}}