{"id":748,"date":"2018-08-30T12:12:06","date_gmt":"2018-08-30T15:12:06","guid":{"rendered":"https:\/\/esbasantiago-cba.infd.edu.ar\/sitio\/tecnicatura-superior-en-artes-visuales\/"},"modified":"2026-03-12T17:01:36","modified_gmt":"2026-03-12T20:01:36","slug":"tecnicatura-superior-en-artes-visuales","status":"publish","type":"page","link":"https:\/\/esbasantiago-cba.infd.edu.ar\/sitio\/tecnicatura-superior-en-artes-visuales\/","title":{"rendered":"Tecnicatura Superior en Artes Visuales"},"content":{"rendered":"<p><span style=\"font-size: 12pt;\" data-mce-mark=\"1\"><span style=\"font-family: verdana, geneva;\" data-mce-mark=\"1\">La <\/span><span style=\"color: #ff6600;\" data-mce-mark=\"1\"><span style=\"font-weight: bold;\" data-mce-mark=\"1\"><span style=\"font-family: verdana, geneva;\" data-mce-mark=\"1\">Tecnicatura Superior en Artes Visuales<\/span><\/span><\/span><span style=\"font-family: verdana, geneva;\" data-mce-mark=\"1\"> es una carrera de nivel superior (no universitario) de tres a\u00f1os de duraci\u00f3n. Brinda t\u00edtulos oficiales de validez nacional. Est\u00e1 orientada a la <\/span><\/span><span style=\"font-style: italic;\" data-mce-mark=\"1\"><span style=\"font-size: 12pt;\" data-mce-mark=\"1\"><span style=\"font-family: verdana, geneva;\" data-mce-mark=\"1\">formaci\u00f3n art\u00edstica <\/span><\/span><\/span><span style=\"font-size: 12pt;\" data-mce-mark=\"1\"><span style=\"font-family: verdana, geneva;\" data-mce-mark=\"1\">del alumno. El estudio no es s\u00f3lo te\u00f3rico sino tambi\u00e9n pr\u00e1ctico, con permanente actividad de taller. En 2023 se comenz\u00f3 a aplicar un nuevo plan de estudios (<a href=\"https:\/\/esbasantiago-cba.infd.edu.ar\/sitio\/wp-content\/uploads\/2026\/03\/Res-Min_645-2023-Tecnicatura-Superior-en-ArtesVisuales.pdf\" target=\"_blank\" rel=\"noopener\">Resoluci\u00f3n Ministerial 645\/2023<\/a>).<\/span><\/span><\/p>\n<p><span style=\"font-size: 12pt;\" data-mce-mark=\"1\"><span style=\"font-size: 12pt;\" data-mce-mark=\"1\">Para ingresar es necesario tener el secundario completo, realizar el curso de ingreso y presentar la documentaci\u00f3n requerida.<\/span><\/span><\/p>\n","protected":false},"excerpt":{"rendered":"<p>La Tecnicatura Superior en Artes Visuales es una carrera de nivel superior (no universitario) de tres a\u00f1os de duraci\u00f3n. Brinda t\u00edtulos oficiales de validez nacional. Est\u00e1 orientada a la formaci\u00f3n art\u00edstica del alumno. El estudio no es s\u00f3lo te\u00f3rico sino tambi\u00e9n pr\u00e1ctico, con permanente actividad de taller. En 2023 se comenz\u00f3 a aplicar un nuevo &#8230; <a title=\"Tecnicatura Superior en Artes Visuales\" class=\"read-more\" href=\"https:\/\/esbasantiago-cba.infd.edu.ar\/sitio\/tecnicatura-superior-en-artes-visuales\/\" aria-label=\"More on Tecnicatura Superior en Artes Visuales\">[+]<\/a><\/p>\n","protected":false},"author":10,"featured_media":0,"parent":0,"menu_order":0,"comment_status":"closed","ping_status":"closed","template":"","meta":[],"acf":[],"_links":{"self":[{"href":"https:\/\/esbasantiago-cba.infd.edu.ar\/sitio\/wp-json\/wp\/v2\/pages\/748"}],"collection":[{"href":"https:\/\/esbasantiago-cba.infd.edu.ar\/sitio\/wp-json\/wp\/v2\/pages"}],"about":[{"href":"https:\/\/esbasantiago-cba.infd.edu.ar\/sitio\/wp-json\/wp\/v2\/types\/page"}],"author":[{"embeddable":true,"href":"https:\/\/esbasantiago-cba.infd.edu.ar\/sitio\/wp-json\/wp\/v2\/users\/10"}],"replies":[{"embeddable":true,"href":"https:\/\/esbasantiago-cba.infd.edu.ar\/sitio\/wp-json\/wp\/v2\/comments?post=748"}],"version-history":[{"count":7,"href":"https:\/\/esbasantiago-cba.infd.edu.ar\/sitio\/wp-json\/wp\/v2\/pages\/748\/revisions"}],"predecessor-version":[{"id":967,"href":"https:\/\/esbasantiago-cba.infd.edu.ar\/sitio\/wp-json\/wp\/v2\/pages\/748\/revisions\/967"}],"wp:attachment":[{"href":"https:\/\/esbasantiago-cba.infd.edu.ar\/sitio\/wp-json\/wp\/v2\/media?parent=748"}],"curies":[{"name":"wp","href":"https:\/\/api.w.org\/{rel}","templated":true}]}}