{"id":750,"date":"2018-08-30T12:12:07","date_gmt":"2018-08-30T15:12:07","guid":{"rendered":"https:\/\/esbasantiago-cba.infd.edu.ar\/sitio\/profesorado-de-artes-visuales\/"},"modified":"2026-03-12T17:14:55","modified_gmt":"2026-03-12T20:14:55","slug":"profesorado-de-artes-visuales","status":"publish","type":"page","link":"https:\/\/esbasantiago-cba.infd.edu.ar\/sitio\/profesorado-de-artes-visuales\/","title":{"rendered":"Profesorado de Artes Visuales"},"content":{"rendered":"<p><span style=\"font-size: 12pt;\"><span style=\"font-family: verdana, geneva;\">El <span style=\"font-weight: bold;\"><span style=\"color: #ff6600;\">Profesorado de Artes Visuales<\/span><\/span> es una carrera de nivel superior no universitario de cuatro a\u00f1os de duraci\u00f3n, con t\u00edtulos oficiales de validez nacional. Brinda <span style=\"font-style: italic;\">formaci\u00f3n pedag\u00f3gica<\/span> orientada a las artes visuales y habilita para la docencia en los niveles inicial, primario, secundario y especial. Hay unidades curriculares art\u00edsticas de taller -como <span style=\"font-style: italic;\">Dibujo<\/span>, <span style=\"font-style: italic;\">Escultura<\/span>, <em>Pintura<\/em>, <em>Arte de impresi\u00f3n y reproducci\u00f3n<\/em>,\u00a0<em>Pr\u00e1cticas art\u00edsticas contempor\u00e1neas\u00a0<\/em>o <em>Producci\u00f3n art\u00edstica<\/em>&#8211; y otras de car\u00e1cter\u00a0general y pedag\u00f3gico -como\u00a0<span style=\"font-style: italic;\">Pedagog\u00eda, Problem\u00e1ticas socioantropol\u00f3gicas de <\/span><span style=\"font-style: italic;\">la educaci\u00f3n <\/span><span style=\"font-style: italic;\">o<\/span><span style=\"font-style: italic;\"> Filosof\u00eda y educaci\u00f3n<\/span>-.\u00a0Hay <span style=\"font-style: italic;\">Pr\u00e1ctica Docente<\/span> en los cuatro a\u00f1os de la carrera. El dise\u00f1o curricular (Resoluci\u00f3n Ministerial 134\/2014) puede consultarse <a href=\"https:\/\/esbasantiago-cba.infd.edu.ar\/sitio\/wp-content\/uploads\/2026\/03\/Disen_o_curricular_del_Profesorado_de_Artes_Visuales_2013.pdf\">AC\u00c1<\/a>. (La parte de artes visuales comienza en la p\u00e1gina 27 del PDF.)\u00a0<\/span><\/span><\/p>\n<p><span style=\"font-size: 12pt;\"><span style=\"font-family: verdana, geneva;\">Para inscribirse es necesario tener el secundario completo, hacer el curso de ingreso y presentar la documentaci\u00f3n requerida.`<\/span><\/span><\/p>\n<table style=\"text-align: center;\" border=\"0\">\n<tbody>\n<tr>\n<td colspan=\"2\">\n<div style=\"text-align: center;\"><img decoding=\"async\" src=\"https:\/\/esbasantiago-cba.infd.edu.ar\/sitio\/wp-content\/uploads\/2018\/08\/201004fotos_de_abeja_088_400x300p.jpg\" border=\"0\" \/><\/div>\n<\/td>\n<\/tr>\n<tr>\n<td><img decoding=\"async\" src=\"https:\/\/esbasantiago-cba.infd.edu.ar\/sitio\/wp-content\/uploads\/2018\/08\/201004fotos_de_abeja_086_300p.jpg\" border=\"0\" \/><\/td>\n<td><img decoding=\"async\" src=\"https:\/\/esbasantiago-cba.infd.edu.ar\/sitio\/wp-content\/uploads\/2018\/08\/201004fotos_de_abeja_044_300p.jpg\" border=\"0\" \/><\/td>\n<\/tr>\n<\/tbody>\n<\/table>\n","protected":false},"excerpt":{"rendered":"<p>El Profesorado de Artes Visuales es una carrera de nivel superior no universitario de cuatro a\u00f1os de duraci\u00f3n, con t\u00edtulos oficiales de validez nacional. Brinda formaci\u00f3n pedag\u00f3gica orientada a las artes visuales y habilita para la docencia en los niveles inicial, primario, secundario y especial. Hay unidades curriculares art\u00edsticas de taller -como Dibujo, Escultura, Pintura, &#8230; <a title=\"Profesorado de Artes Visuales\" class=\"read-more\" href=\"https:\/\/esbasantiago-cba.infd.edu.ar\/sitio\/profesorado-de-artes-visuales\/\" aria-label=\"More on Profesorado de Artes Visuales\">[+]<\/a><\/p>\n","protected":false},"author":10,"featured_media":0,"parent":0,"menu_order":0,"comment_status":"closed","ping_status":"closed","template":"","meta":[],"acf":[],"_links":{"self":[{"href":"https:\/\/esbasantiago-cba.infd.edu.ar\/sitio\/wp-json\/wp\/v2\/pages\/750"}],"collection":[{"href":"https:\/\/esbasantiago-cba.infd.edu.ar\/sitio\/wp-json\/wp\/v2\/pages"}],"about":[{"href":"https:\/\/esbasantiago-cba.infd.edu.ar\/sitio\/wp-json\/wp\/v2\/types\/page"}],"author":[{"embeddable":true,"href":"https:\/\/esbasantiago-cba.infd.edu.ar\/sitio\/wp-json\/wp\/v2\/users\/10"}],"replies":[{"embeddable":true,"href":"https:\/\/esbasantiago-cba.infd.edu.ar\/sitio\/wp-json\/wp\/v2\/comments?post=750"}],"version-history":[{"count":1,"href":"https:\/\/esbasantiago-cba.infd.edu.ar\/sitio\/wp-json\/wp\/v2\/pages\/750\/revisions"}],"predecessor-version":[{"id":970,"href":"https:\/\/esbasantiago-cba.infd.edu.ar\/sitio\/wp-json\/wp\/v2\/pages\/750\/revisions\/970"}],"wp:attachment":[{"href":"https:\/\/esbasantiago-cba.infd.edu.ar\/sitio\/wp-json\/wp\/v2\/media?parent=750"}],"curies":[{"name":"wp","href":"https:\/\/api.w.org\/{rel}","templated":true}]}}