{"id":775,"date":"2018-08-30T12:12:18","date_gmt":"2018-08-30T15:12:18","guid":{"rendered":"https:\/\/esbasantiago-cba.infd.edu.ar\/sitio\/datos-institucionales\/"},"modified":"2025-05-28T00:12:58","modified_gmt":"2025-05-28T03:12:58","slug":"datos-institucionales","status":"publish","type":"page","link":"https:\/\/esbasantiago-cba.infd.edu.ar\/sitio\/datos-institucionales\/","title":{"rendered":"Datos institucionales"},"content":{"rendered":"\n<p><strong>Nombre completo<\/strong>: <\/p>\n\n\n\n<p>Escuela Superior de Bellas Artes Mart\u00edn Santiago<\/p>\n\n\n\n<p><strong>Direcci\u00f3n<\/strong>: <\/p>\n\n\n\n<p>Santa Fe 141. De\u00e1n Funes (CP 5200). De\u00e1n Funes. Provincia de C\u00f3rdoba. Rep\u00fablica Argentina<\/p>\n\n\n\n<p><strong>Horario de atenci\u00f3n<\/strong>: <\/p>\n\n\n\n<p>17:30 h a 22:30 h.<\/p>\n\n\n\n<p><strong>Tel\u00e9fono<\/strong>: <\/p>\n\n\n\n<p>03521-426240<\/p>\n\n\n\n<p><strong>Directora (desde 2023)<\/strong>:<\/p>\n\n\n\n<p>Carolina Chaves<\/p>\n\n\n\n<p><strong>Docentes (2023)<\/strong><\/p>\n\n\n\n<p>Acevedo, Romina | Cabeza, Andr\u00e9s Horacio Miguel | Chaves, Carolina | D\u00e9cima, Ramiro | Gervasoni, Emmanuel | Luna, Edgar | Luna, Laura | Mamut, Anal\u00eda | Manzur, Mar\u00eda Andrea | Meloni, Ver\u00f3nica | Miranda, Lucas | Olmos, Sebasti\u00e1n | Pacheco, Iris | Palomeque, Bibiana | Pedr\u00f3n, Marcela | P\u00e9rez, Mar\u00eda Rosa | Pizarro, Magdalena | Ruiz, Genoveva | Tamagnini, Julia | Tauro, Jesica | Vega, Eugenia | Vega, Patricia<\/p>\n\n\n\n<p><strong>Otros datos:<\/strong><\/p>\n\n\n\n<p><em><em><strong>A\u00f1o de fundaci\u00f3n<\/strong><\/em>: 1986.<br><em><strong>Nombre anterior<\/strong><\/em>: Escuela Provincial de Bellas Artes \u201cMart\u00edn Santiago\u201d. Entre 1990 y 2006.<br><em><strong>Direcci\u00f3n anterior<\/strong><\/em>: Lavalle 333 \u2013 De\u00e1n Funes \u2013 Provincia de C\u00f3rdoba \u2013 Argentina. Desde 1986 hasta 2004.<br><strong><em>Carreras actuales<\/em><\/strong>: Tecnicatura Superior en Artes Visuales (Res. Min. 645\/2023). \u00a0Empez\u00f3 en 2024. Profesorado de Artes Visuales (Res. Min. 134\/2014). <br><em><strong>Carreras anteriores<\/strong><\/em>: Magisterio de Artes Pl\u00e1sticas (nivel medio). Empez\u00f3 en 1986 y termin\u00f3 en 2004. Profesorado de Artes en Artes Visuales (nivel superior). Empez\u00f3 en 2002 y termin\u00f3 en 2012. Tecnicatura Superior en Artes Visuales (plan viejo). Empez\u00f3 en 2002 y est\u00e1 terminando.<br><em><strong>Directores<\/strong><\/em>: Vicenta Carrizo (1986-1992). Laura Zietz (1992). Walter P\u00e1ez (1992). Gustavo Goldes (1992-2001). Walter Gonz\u00e1lez (2002-2005). Mabel Umeres (2006-2008). Walter Gonz\u00e1lez (2008-2023). Carolina Chaves (2023-contin\u00faa)<\/em><\/p>\n\n\n\n<p><\/p>\n","protected":false},"excerpt":{"rendered":"<p>Nombre completo: Escuela Superior de Bellas Artes Mart\u00edn Santiago Direcci\u00f3n: Santa Fe 141. De\u00e1n Funes (CP 5200). De\u00e1n Funes. Provincia de C\u00f3rdoba. Rep\u00fablica Argentina Horario de atenci\u00f3n: 17:30 h a 22:30 h. Tel\u00e9fono: 03521-426240 Directora (desde 2023): Carolina Chaves Docentes (2023) Acevedo, Romina | Cabeza, Andr\u00e9s Horacio Miguel | Chaves, Carolina | D\u00e9cima, Ramiro | &#8230; <a title=\"Datos institucionales\" class=\"read-more\" href=\"https:\/\/esbasantiago-cba.infd.edu.ar\/sitio\/datos-institucionales\/\" aria-label=\"More on Datos institucionales\">[+]<\/a><\/p>\n","protected":false},"author":10,"featured_media":0,"parent":0,"menu_order":0,"comment_status":"closed","ping_status":"closed","template":"","meta":[],"acf":[],"_links":{"self":[{"href":"https:\/\/esbasantiago-cba.infd.edu.ar\/sitio\/wp-json\/wp\/v2\/pages\/775"}],"collection":[{"href":"https:\/\/esbasantiago-cba.infd.edu.ar\/sitio\/wp-json\/wp\/v2\/pages"}],"about":[{"href":"https:\/\/esbasantiago-cba.infd.edu.ar\/sitio\/wp-json\/wp\/v2\/types\/page"}],"author":[{"embeddable":true,"href":"https:\/\/esbasantiago-cba.infd.edu.ar\/sitio\/wp-json\/wp\/v2\/users\/10"}],"replies":[{"embeddable":true,"href":"https:\/\/esbasantiago-cba.infd.edu.ar\/sitio\/wp-json\/wp\/v2\/comments?post=775"}],"version-history":[{"count":9,"href":"https:\/\/esbasantiago-cba.infd.edu.ar\/sitio\/wp-json\/wp\/v2\/pages\/775\/revisions"}],"predecessor-version":[{"id":954,"href":"https:\/\/esbasantiago-cba.infd.edu.ar\/sitio\/wp-json\/wp\/v2\/pages\/775\/revisions\/954"}],"wp:attachment":[{"href":"https:\/\/esbasantiago-cba.infd.edu.ar\/sitio\/wp-json\/wp\/v2\/media?parent=775"}],"curies":[{"name":"wp","href":"https:\/\/api.w.org\/{rel}","templated":true}]}}