{"id":787,"date":"2018-08-30T12:12:23","date_gmt":"2018-08-30T15:12:23","guid":{"rendered":"https:\/\/esbasantiago-cba.infd.edu.ar\/sitio\/ubicacion\/"},"modified":"2024-06-11T22:46:02","modified_gmt":"2024-06-12T01:46:02","slug":"ubicacion","status":"publish","type":"page","link":"https:\/\/esbasantiago-cba.infd.edu.ar\/sitio\/ubicacion\/","title":{"rendered":"Ubicaci\u00f3n"},"content":{"rendered":"<p><span style=\"color: #0000ff;\"><span style=\"font-family: book antiqua,palatino;\"><span style=\"font-size: x-large;\">\u00a0<span style=\"font-weight: bold;\"><span style=\"color: #ff6600;\">Ubicaci\u00f3n de la escuela<\/span><\/span><\/span><\/span><\/span><\/p>\n<p><span style=\"font-size: small; font-family: verdana,geneva;\">La Mart\u00edn Santiago est\u00e1 ubicada en <strong>Santa Fe 141<\/strong>. Est\u00e1 a una cuadra y media de la Terminal de \u00d3mnibus de De\u00e1n Funes.\u00a0<\/span><\/p>\n<p><span style=\"font-size: x-small;\"><img decoding=\"async\" title=\"Plano de DF con ubicaci\u00f3n de la escuela\" src=\"https:\/\/esbasantiago-cba.infd.edu.ar\/sitio\/wp-content\/uploads\/2018\/08\/Plano_02.jpg\" alt=\"Plano de DF con ubicaci\u00f3n de la escuela\" border=\"0\" \/><\/span><\/p>\n<p><span style=\"font-size: small; font-family: verdana,geneva;\"><span style=\"text-decoration: underline;\"><strong>Referencias<\/strong><\/span>:<\/span><\/p>\n<p><span style=\"font-size: small; font-family: verdana,geneva;\">1. Plaza Sarmiento |\u00a0<\/span><span style=\"font-size: small; font-family: verdana,geneva;\">2. Catedral |\u00a0<\/span><span style=\"font-family: verdana,geneva;\"><span style=\"font-size: small;\">3. <strong>ESBA Mart\u00edn Santiago <\/strong>|\u00a0<\/span><\/span><span style=\"font-size: small; font-family: verdana,geneva;\">4. Estaci\u00f3n de Ferrocarril |\u00a0<\/span><span style=\"font-size: small; font-family: verdana,geneva;\">5. Terminal de \u00f3mnibus |\u00a0<\/span><span style=\"font-size: small; font-family: verdana,geneva;\">6. Plaza San Mart\u00edn |\u00a0<\/span><span style=\"font-size: small; font-family: verdana,geneva;\">7. Plaza de los Inmigrantes |\u00a0<\/span><span style=\"font-size: small; font-family: verdana,geneva;\">8. Hospital |\u00a0<\/span><span style=\"font-size: small; font-family: verdana,geneva;\">9. Polic\u00eda |\u00a0<\/span><span style=\"font-size: small; font-family: verdana,geneva;\">10. Centro Cultural Municipal<\/span><\/p>\n","protected":false},"excerpt":{"rendered":"<p>\u00a0Ubicaci\u00f3n de la escuela La Mart\u00edn Santiago est\u00e1 ubicada en Santa Fe 141. Est\u00e1 a una cuadra y media de la Terminal de \u00d3mnibus de De\u00e1n Funes.\u00a0 Referencias: 1. Plaza Sarmiento |\u00a02. Catedral |\u00a03. ESBA Mart\u00edn Santiago |\u00a04. Estaci\u00f3n de Ferrocarril |\u00a05. Terminal de \u00f3mnibus |\u00a06. Plaza San Mart\u00edn |\u00a07. Plaza de los Inmigrantes |\u00a08. &#8230; <a title=\"Ubicaci\u00f3n\" class=\"read-more\" href=\"https:\/\/esbasantiago-cba.infd.edu.ar\/sitio\/ubicacion\/\" aria-label=\"More on Ubicaci\u00f3n\">[+]<\/a><\/p>\n","protected":false},"author":10,"featured_media":0,"parent":0,"menu_order":0,"comment_status":"closed","ping_status":"closed","template":"","meta":[],"acf":[],"_links":{"self":[{"href":"https:\/\/esbasantiago-cba.infd.edu.ar\/sitio\/wp-json\/wp\/v2\/pages\/787"}],"collection":[{"href":"https:\/\/esbasantiago-cba.infd.edu.ar\/sitio\/wp-json\/wp\/v2\/pages"}],"about":[{"href":"https:\/\/esbasantiago-cba.infd.edu.ar\/sitio\/wp-json\/wp\/v2\/types\/page"}],"author":[{"embeddable":true,"href":"https:\/\/esbasantiago-cba.infd.edu.ar\/sitio\/wp-json\/wp\/v2\/users\/10"}],"replies":[{"embeddable":true,"href":"https:\/\/esbasantiago-cba.infd.edu.ar\/sitio\/wp-json\/wp\/v2\/comments?post=787"}],"version-history":[{"count":1,"href":"https:\/\/esbasantiago-cba.infd.edu.ar\/sitio\/wp-json\/wp\/v2\/pages\/787\/revisions"}],"predecessor-version":[{"id":871,"href":"https:\/\/esbasantiago-cba.infd.edu.ar\/sitio\/wp-json\/wp\/v2\/pages\/787\/revisions\/871"}],"wp:attachment":[{"href":"https:\/\/esbasantiago-cba.infd.edu.ar\/sitio\/wp-json\/wp\/v2\/media?parent=787"}],"curies":[{"name":"wp","href":"https:\/\/api.w.org\/{rel}","templated":true}]}}