{"id":983,"date":"2026-04-27T16:31:23","date_gmt":"2026-04-27T19:31:23","guid":{"rendered":"https:\/\/esbasantiago-cba.infd.edu.ar\/sitio\/?page_id=983"},"modified":"2026-04-27T18:03:10","modified_gmt":"2026-04-27T21:03:10","slug":"marcos-de-referencia-para-la-educacion-en-cordoba-2026","status":"publish","type":"page","link":"https:\/\/esbasantiago-cba.infd.edu.ar\/sitio\/marcos-de-referencia-para-la-educacion-en-cordoba-2026\/","title":{"rendered":"MARCOS"},"content":{"rendered":"\n<p><strong><mark style=\"background-color:rgba(0, 0, 0, 0)\" class=\"has-inline-color has-accent-color\">Marcos de Referencia para la Educaci\u00f3n en C\u00f3rdoba 2026<\/mark><\/strong> <\/p>\n\n\n\n<p>Educaci\u00f3n inclusiva C\u00f3rdoba:<\/p>\n\n\n\n<p><a rel=\"noreferrer noopener\" href=\"https:\/\/www.igualdadycalidadcba.gov.ar\/SIPEC-CBA\/SFI\/DGPEyPE\/edu-inclusiva-cba.php\" target=\"_blank\">https:\/\/www.igualdadycalidadcba.gov.ar\/SIPEC-CBA\/SFI\/DGPEyPE\/edu-inclusiva-cba.php<\/a><\/p>\n\n\n\n<p>Ferias, olimp\u00edadas, etc.:<\/p>\n\n\n\n<p><a href=\"https:\/\/www.igualdadycalidadcba.gov.ar\/SIPEC-CBA\/SIDPyTE\/cordoba-aprende.php\">https:\/\/www.igualdadycalidadcba.gov.ar\/SIPEC-CBA\/SIDPyTE\/cordoba-aprende.php<\/a><\/p>\n\n\n\n<p>Formaci\u00f3n situada 2026:<\/p>\n\n\n\n<p><a href=\"https:\/\/www.igualdadycalidadcba.gov.ar\/SIPEC-CBA\/SIDPyTE\/formacion-situada.php\">https:\/\/www.igualdadycalidadcba.gov.ar\/SIPEC-CBA\/SIDPyTE\/formacion-situada.php<\/a><\/p>\n\n\n\n<p>Res. 82\/25:<\/p>\n\n\n\n<p><a href=\"https:\/\/www.igualdadycalidadcba.gov.ar\/SIPEC-CBA\/SIDPyTE\/TransFORMARCba\/2026\/doc\/res.82-2025-se-edu-sup-2026.pdf\">https:\/\/www.igualdadycalidadcba.gov.ar\/SIPEC-CBA\/SIDPyTE\/TransFORMARCba\/2026\/doc\/res.82-2025-se-edu-sup-2026.pdf<\/a><\/p>\n\n\n\n<p>Res. 298\/25 RAM:<\/p>\n\n\n\n<p><a href=\"https:\/\/dges-cba.infd.edu.ar\/sitio\/wp-content\/uploads\/2025\/11\/RM_298-2025_RAM.pdf\">https:\/\/dges-cba.infd.edu.ar\/sitio\/wp-content\/uploads\/2025\/11\/RM_298-2025_RAM.pdf<\/a><\/p>\n\n\n\n<p>Convenios de la PD:<\/p>\n\n\n\n<p><a href=\"https:\/\/drive.google.com\/file\/d\/1VWhhqV7-r5KmMgzHVIAcjr-9CuHR_WaY\/view\">https:\/\/drive.google.com\/file\/d\/1VWhhqV7-r5KmMgzHVIAcjr-9CuHR_WaY\/view<\/a><\/p>\n\n\n\n<p>Resoluciones Transformar Cba:<\/p>\n\n\n\n<p><a href=\"https:\/\/www.igualdadycalidadcba.gov.ar\/SIPEC-CBA\/SIDPyTE\/formacion-situada\/transformar-cba\/2025\/resoluciones.php\">https:\/\/www.igualdadycalidadcba.gov.ar\/SIPEC-CBA\/SIDPyTE\/formacion-situada\/transformar-cba\/2025\/resoluciones.php<\/a><\/p>\n","protected":false},"excerpt":{"rendered":"<p>Marcos de Referencia para la Educaci\u00f3n en C\u00f3rdoba 2026 Educaci\u00f3n inclusiva C\u00f3rdoba: https:\/\/www.igualdadycalidadcba.gov.ar\/SIPEC-CBA\/SFI\/DGPEyPE\/edu-inclusiva-cba.php Ferias, olimp\u00edadas, etc.: https:\/\/www.igualdadycalidadcba.gov.ar\/SIPEC-CBA\/SIDPyTE\/cordoba-aprende.php Formaci\u00f3n situada 2026: https:\/\/www.igualdadycalidadcba.gov.ar\/SIPEC-CBA\/SIDPyTE\/formacion-situada.php Res. 82\/25: https:\/\/www.igualdadycalidadcba.gov.ar\/SIPEC-CBA\/SIDPyTE\/TransFORMARCba\/2026\/doc\/res.82-2025-se-edu-sup-2026.pdf Res. 298\/25 RAM: https:\/\/dges-cba.infd.edu.ar\/sitio\/wp-content\/uploads\/2025\/11\/RM_298-2025_RAM.pdf Convenios de la PD: https:\/\/drive.google.com\/file\/d\/1VWhhqV7-r5KmMgzHVIAcjr-9CuHR_WaY\/view Resoluciones Transformar Cba: https:\/\/www.igualdadycalidadcba.gov.ar\/SIPEC-CBA\/SIDPyTE\/formacion-situada\/transformar-cba\/2025\/resoluciones.php<\/p>\n","protected":false},"author":10,"featured_media":0,"parent":0,"menu_order":0,"comment_status":"closed","ping_status":"closed","template":"","meta":[],"acf":[],"_links":{"self":[{"href":"https:\/\/esbasantiago-cba.infd.edu.ar\/sitio\/wp-json\/wp\/v2\/pages\/983"}],"collection":[{"href":"https:\/\/esbasantiago-cba.infd.edu.ar\/sitio\/wp-json\/wp\/v2\/pages"}],"about":[{"href":"https:\/\/esbasantiago-cba.infd.edu.ar\/sitio\/wp-json\/wp\/v2\/types\/page"}],"author":[{"embeddable":true,"href":"https:\/\/esbasantiago-cba.infd.edu.ar\/sitio\/wp-json\/wp\/v2\/users\/10"}],"replies":[{"embeddable":true,"href":"https:\/\/esbasantiago-cba.infd.edu.ar\/sitio\/wp-json\/wp\/v2\/comments?post=983"}],"version-history":[{"count":10,"href":"https:\/\/esbasantiago-cba.infd.edu.ar\/sitio\/wp-json\/wp\/v2\/pages\/983\/revisions"}],"predecessor-version":[{"id":1003,"href":"https:\/\/esbasantiago-cba.infd.edu.ar\/sitio\/wp-json\/wp\/v2\/pages\/983\/revisions\/1003"}],"wp:attachment":[{"href":"https:\/\/esbasantiago-cba.infd.edu.ar\/sitio\/wp-json\/wp\/v2\/media?parent=983"}],"curies":[{"name":"wp","href":"https:\/\/api.w.org\/{rel}","templated":true}]}}